{"id":13021,"date":"2023-03-14T10:32:27","date_gmt":"2023-03-14T10:32:27","guid":{"rendered":"https:\/\/koessler-hof.com\/location\/"},"modified":"2026-04-22T12:27:08","modified_gmt":"2026-04-22T12:27:08","slug":"location","status":"publish","type":"page","link":"https:\/\/koessler-hof.com\/en\/boutique-hotel-arlberg\/location\/","title":{"rendered":"Location"},"content":{"rendered":"\t\t<div data-elementor-type=\"wp-page\" data-elementor-id=\"13021\" class=\"elementor elementor-13021 elementor-12912\" data-elementor-post-type=\"page\">\n\t\t\t\t<div class=\"elementor-element elementor-element-b23c809 e-flex e-con-boxed e-con e-parent\" data-id=\"b23c809\" data-element_type=\"container\" data-settings=\"{&quot;background_background&quot;:&quot;classic&quot;}\">\n\t\t\t\t\t<div class=\"e-con-inner\">\n\t\t\t\t<div class=\"elementor-element elementor-element-f41faee elementor-widget elementor-widget-image\" data-id=\"f41faee\" data-element_type=\"widget\" data-widget_type=\"image.default\">\n\t\t\t\t<div class=\"elementor-widget-container\">\n\t\t\t\t\t\t\t\t\t\t\t\t\t\t\t\t<a href=\"https:\/\/koessler-hof.com\/en\/\">\n\t\t\t\t\t\t\t<img fetchpriority=\"high\" decoding=\"async\" width=\"802\" height=\"243\" src=\"https:\/\/koessler-hof.com\/wp-content\/uploads\/2023\/03\/Logo-Koesslerhof-mitTrenner.png\" class=\"attachment-full size-full wp-image-12915\" alt=\"White logo featuring stylized antlers and the text K\u00f6ssler Hof with four stars beneath, set against a transparent background.\" srcset=\"https:\/\/koessler-hof.com\/wp-content\/uploads\/2023\/03\/Logo-Koesslerhof-mitTrenner.png 802w, https:\/\/koessler-hof.com\/wp-content\/uploads\/2023\/03\/Logo-Koesslerhof-mitTrenner-300x91.png 300w, https:\/\/koessler-hof.com\/wp-content\/uploads\/2023\/03\/Logo-Koesslerhof-mitTrenner-768x233.png 768w\" sizes=\"(max-width: 802px) 100vw, 802px\" \/>\t\t\t\t\t\t\t\t<\/a>\n\t\t\t\t\t\t\t\t\t\t\t\t\t\t\t<\/div>\n\t\t\t\t<\/div>\n\t\t\t\t\t<\/div>\n\t\t\t\t<\/div>\n\t\t<div class=\"elementor-element elementor-element-5e35b50 e-flex e-con-boxed e-con e-parent\" data-id=\"5e35b50\" data-element_type=\"container\">\n\t\t\t\t\t<div class=\"e-con-inner\">\n\t\t\t\t<div class=\"elementor-element elementor-element-1c3a47d animated-slow elementor-invisible elementor-widget elementor-widget-heading\" data-id=\"1c3a47d\" data-element_type=\"widget\" data-settings=\"{&quot;_animation&quot;:&quot;fadeInDown&quot;}\" data-widget_type=\"heading.default\">\n\t\t\t\t<div class=\"elementor-widget-container\">\n\t\t\t\t\t<h2 class=\"elementor-heading-title elementor-size-default\">Location &amp; Arrival<\/h2>\t\t\t\t<\/div>\n\t\t\t\t<\/div>\n\t\t\t\t<div class=\"elementor-element elementor-element-2d82915 animated-slow elementor-invisible elementor-widget elementor-widget-heading\" data-id=\"2d82915\" data-element_type=\"widget\" data-settings=\"{&quot;_animation&quot;:&quot;fadeInUp&quot;}\" data-widget_type=\"heading.default\">\n\t\t\t\t<div class=\"elementor-widget-container\">\n\t\t\t\t\t<h1 class=\"elementor-heading-title elementor-size-default\">surrounded by fascinating nature spectacles.<\/h1>\t\t\t\t<\/div>\n\t\t\t\t<\/div>\n\t\t\t\t<div class=\"elementor-element elementor-element-7a7a63a elementor-widget-divider--view-line elementor-widget elementor-widget-divider\" data-id=\"7a7a63a\" data-element_type=\"widget\" data-widget_type=\"divider.default\">\n\t\t\t\t<div class=\"elementor-widget-container\">\n\t\t\t\t\t\t\t<div class=\"elementor-divider\">\n\t\t\t<span class=\"elementor-divider-separator\">\n\t\t\t\t\t\t<\/span>\n\t\t<\/div>\n\t\t\t\t\t\t<\/div>\n\t\t\t\t<\/div>\n\t\t\t\t<div class=\"elementor-element elementor-element-f8b32fd elementor-widget__width-initial elementor-widget elementor-widget-text-editor\" data-id=\"f8b32fd\" data-element_type=\"widget\" data-widget_type=\"text-editor.default\">\n\t\t\t\t<div class=\"elementor-widget-container\">\n\t\t\t\t\t\t\t\t\t<p>Our K\u00f6sslerhof is located in the middle of the beautiful St. Anton am Arlberg. Only a few hundred meters behind the hotel you will find\u00a0 numerous hiking trails and in winter the main slope nr. 50.<\/p>\n\t\t\t\t\t\t\t\t<\/div>\n\t\t\t\t<\/div>\n\t\t\t\t<div class=\"elementor-element elementor-element-1e800aa elementor-widget elementor-widget-image\" data-id=\"1e800aa\" data-element_type=\"widget\" data-widget_type=\"image.default\">\n\t\t\t\t<div class=\"elementor-widget-container\">\n\t\t\t\t\t\t\t\t\t\t\t\t\t\t\t<img decoding=\"async\" width=\"1560\" height=\"1240\" src=\"https:\/\/koessler-hof.com\/wp-content\/uploads\/2023\/04\/LageplanSommer.jpg\" class=\"attachment-full size-full wp-image-41564\" alt=\"Illustrierte Karte mit einer malerischen Wanderroute vom Verwall zum Wunder Wanderweg, vorbei an Sehensw\u00fcrdigkeiten wie der Rezeption und dem Bikekeller. Parkpl\u00e4tze und Wanderwege sind deutlich mit Zeitangaben gekennzeichnet, was den G\u00e4sten des nahegelegenen Hotels an der Piste St. Anton eine bequeme M\u00f6glichkeit bietet.\" srcset=\"https:\/\/koessler-hof.com\/wp-content\/uploads\/2023\/04\/LageplanSommer.jpg 1560w, https:\/\/koessler-hof.com\/wp-content\/uploads\/2023\/04\/LageplanSommer-300x238.jpg 300w, https:\/\/koessler-hof.com\/wp-content\/uploads\/2023\/04\/LageplanSommer-1024x814.jpg 1024w, https:\/\/koessler-hof.com\/wp-content\/uploads\/2023\/04\/LageplanSommer-768x610.jpg 768w, https:\/\/koessler-hof.com\/wp-content\/uploads\/2023\/04\/LageplanSommer-1536x1221.jpg 1536w\" sizes=\"(max-width: 1560px) 100vw, 1560px\" \/>\t\t\t\t\t\t\t\t\t\t\t\t\t\t\t<\/div>\n\t\t\t\t<\/div>\n\t\t\t\t\t<\/div>\n\t\t\t\t<\/div>\n\t\t<div class=\"elementor-element elementor-element-142fed9 e-flex e-con-boxed e-con e-parent\" data-id=\"142fed9\" data-element_type=\"container\">\n\t\t\t\t\t<div class=\"e-con-inner\">\n\t\t<div class=\"elementor-element elementor-element-1018f6f3 e-con-full e-flex e-con e-child\" data-id=\"1018f6f3\" data-element_type=\"container\" data-settings=\"{&quot;background_background&quot;:&quot;classic&quot;}\">\n\t\t\t\t<div class=\"elementor-element elementor-element-556ec390 elementor-view-default elementor-invisible elementor-widget elementor-widget-icon\" data-id=\"556ec390\" data-element_type=\"widget\" data-settings=\"{&quot;_animation&quot;:&quot;zoomIn&quot;}\" data-widget_type=\"icon.default\">\n\t\t\t\t<div class=\"elementor-widget-container\">\n\t\t\t\t\t\t\t<div class=\"elementor-icon-wrapper\">\n\t\t\t<div class=\"elementor-icon\">\n\t\t\t<i aria-hidden=\"true\" class=\"neu neuicon-geweih\"><\/i>\t\t\t<\/div>\n\t\t<\/div>\n\t\t\t\t\t\t<\/div>\n\t\t\t\t<\/div>\n\t\t\t\t<div class=\"elementor-element elementor-element-3b422998 elementor-widget elementor-widget-heading\" data-id=\"3b422998\" data-element_type=\"widget\" data-widget_type=\"heading.default\">\n\t\t\t\t<div class=\"elementor-widget-container\">\n\t\t\t\t\t<h2 class=\"elementor-heading-title elementor-size-default\">Arrival on rails<\/h2>\t\t\t\t<\/div>\n\t\t\t\t<\/div>\n\t\t\t\t<div class=\"elementor-element elementor-element-74e340d3 elementor-widget-divider--view-line elementor-widget elementor-widget-divider\" data-id=\"74e340d3\" data-element_type=\"widget\" data-widget_type=\"divider.default\">\n\t\t\t\t<div class=\"elementor-widget-container\">\n\t\t\t\t\t\t\t<div class=\"elementor-divider\">\n\t\t\t<span class=\"elementor-divider-separator\">\n\t\t\t\t\t\t<\/span>\n\t\t<\/div>\n\t\t\t\t\t\t<\/div>\n\t\t\t\t<\/div>\n\t\t\t\t<div class=\"elementor-element elementor-element-5ca023e7 elementor-widget elementor-widget-text-editor\" data-id=\"5ca023e7\" data-element_type=\"widget\" data-widget_type=\"text-editor.default\">\n\t\t\t\t<div class=\"elementor-widget-container\">\n\t\t\t\t\t\t\t\t\t<p>Sit comfortably on the train, let the landscape pass by and get off the train in St. Anton already recovered. Is there a better start to your vacation? We don\u2019t think so, and by the way, traveling by public transport protects our precious nature.<\/p>\n\t\t\t\t\t\t\t\t<\/div>\n\t\t\t\t<\/div>\n\t\t\t\t<\/div>\n\t\t<div class=\"elementor-element elementor-element-6c590586 e-con-full e-flex e-con e-child\" data-id=\"6c590586\" data-element_type=\"container\" data-settings=\"{&quot;background_background&quot;:&quot;classic&quot;}\">\n\t\t\t\t<div class=\"elementor-element elementor-element-b4df359 elementor-widget elementor-widget-image\" data-id=\"b4df359\" data-element_type=\"widget\" data-widget_type=\"image.default\">\n\t\t\t\t<div class=\"elementor-widget-container\">\n\t\t\t\t\t\t\t\t\t\t\t\t\t\t\t<img decoding=\"async\" width=\"768\" height=\"301\" src=\"https:\/\/koessler-hof.com\/wp-content\/uploads\/2026\/04\/ArlRock-\u00a9-TVB-St.-Anton-am-Arlberg_Patrick-Baetz-768x301.jpg\" class=\"attachment-medium_large size-medium_large wp-image-41567\" alt=\"A panoramic view of a mountain town with modern buildings and a hotel on the slopes of St Anton.\" srcset=\"https:\/\/koessler-hof.com\/wp-content\/uploads\/2026\/04\/ArlRock-\u00a9-TVB-St.-Anton-am-Arlberg_Patrick-Baetz-768x301.jpg 768w, https:\/\/koessler-hof.com\/wp-content\/uploads\/2026\/04\/ArlRock-\u00a9-TVB-St.-Anton-am-Arlberg_Patrick-Baetz-300x118.jpg 300w, https:\/\/koessler-hof.com\/wp-content\/uploads\/2026\/04\/ArlRock-\u00a9-TVB-St.-Anton-am-Arlberg_Patrick-Baetz.jpg 800w\" sizes=\"(max-width: 768px) 100vw, 768px\" \/>\t\t\t\t\t\t\t\t\t\t\t\t\t\t\t<\/div>\n\t\t\t\t<\/div>\n\t\t\t\t<\/div>\n\t\t\t\t\t<\/div>\n\t\t\t\t<\/div>\n\t\t\t\t<\/div>\n\t\t","protected":false},"excerpt":{"rendered":"<p>Location &amp; Arrival surrounded by fascinating nature spectacles. Our K\u00f6sslerhof is located in the middle of the beautiful St. Anton am Arlberg. Only a few hundred meters behind the hotel you will find\u00a0 numerous hiking trails and in winter the main slope nr. 50. Arrival on rails Sit comfortably on the train, let the landscape [&hellip;]<\/p>\n","protected":false},"author":2,"featured_media":41560,"parent":14000,"menu_order":2,"comment_status":"closed","ping_status":"closed","template":"","meta":{"_acf_changed":false,"footnotes":""},"class_list":["post-13021","page","type-page","status-publish","has-post-thumbnail","hentry"],"acf":[],"yoast_head":"<!-- This site is optimized with the Yoast SEO plugin v26.4 - https:\/\/yoast.com\/wordpress\/plugins\/seo\/ -->\n<title>Hotel on the ski slope | St. Anton | Location &amp; Arrival<\/title>\n<meta name=\"description\" content=\"The Hotel K\u00f6sslerhof is located in St. Anton directly at the ski slope. \u26f7\ufe0f It is located next to a forest and is the starting point for many hikes! \ud83d\udc9a\" \/>\n<meta name=\"robots\" content=\"index, follow, max-snippet:-1, max-image-preview:large, max-video-preview:-1\" \/>\n<link rel=\"canonical\" href=\"https:\/\/koessler-hof.com\/en\/boutique-hotel-arlberg\/location\/\" \/>\n<meta property=\"og:locale\" content=\"en_US\" \/>\n<meta property=\"og:type\" content=\"article\" \/>\n<meta property=\"og:title\" content=\"Hotel on the ski slope | St. Anton | Location &amp; Arrival\" \/>\n<meta property=\"og:description\" content=\"The Hotel K\u00f6sslerhof is located in St. Anton directly at the ski slope. \u26f7\ufe0f It is located next to a forest and is the starting point for many hikes! \ud83d\udc9a\" \/>\n<meta property=\"og:url\" content=\"https:\/\/koessler-hof.com\/en\/boutique-hotel-arlberg\/location\/\" \/>\n<meta property=\"og:site_name\" content=\"Der K\u00f6sslerhof\" \/>\n<meta property=\"article:modified_time\" content=\"2026-04-22T12:27:08+00:00\" \/>\n<meta property=\"og:image\" content=\"https:\/\/koessler-hof.com\/wp-content\/uploads\/2026\/04\/OJ6A1443fin.jpg\" \/>\n\t<meta property=\"og:image:width\" content=\"481\" \/>\n\t<meta property=\"og:image:height\" content=\"321\" \/>\n\t<meta property=\"og:image:type\" content=\"image\/jpeg\" \/>\n<meta name=\"twitter:card\" content=\"summary_large_image\" \/>\n<script type=\"application\/ld+json\" class=\"yoast-schema-graph\">{\"@context\":\"https:\/\/schema.org\",\"@graph\":[{\"@type\":\"WebPage\",\"@id\":\"https:\/\/koessler-hof.com\/en\/boutique-hotel-arlberg\/location\/\",\"url\":\"https:\/\/koessler-hof.com\/en\/boutique-hotel-arlberg\/location\/\",\"name\":\"Hotel on the ski slope | St. Anton | Location & Arrival\",\"isPartOf\":{\"@id\":\"https:\/\/koessler-hof.com\/en\/#website\"},\"primaryImageOfPage\":{\"@id\":\"https:\/\/koessler-hof.com\/en\/boutique-hotel-arlberg\/location\/#primaryimage\"},\"image\":{\"@id\":\"https:\/\/koessler-hof.com\/en\/boutique-hotel-arlberg\/location\/#primaryimage\"},\"thumbnailUrl\":\"https:\/\/koessler-hof.com\/wp-content\/uploads\/2026\/04\/OJ6A1443fin.jpg\",\"datePublished\":\"2023-03-14T10:32:27+00:00\",\"dateModified\":\"2026-04-22T12:27:08+00:00\",\"description\":\"The Hotel K\u00f6sslerhof is located in St. Anton directly at the ski slope. \u26f7\ufe0f It is located next to a forest and is the starting point for many hikes! \ud83d\udc9a\",\"breadcrumb\":{\"@id\":\"https:\/\/koessler-hof.com\/en\/boutique-hotel-arlberg\/location\/#breadcrumb\"},\"inLanguage\":\"en-US\",\"potentialAction\":[{\"@type\":\"ReadAction\",\"target\":[\"https:\/\/koessler-hof.com\/en\/boutique-hotel-arlberg\/location\/\"]}]},{\"@type\":\"ImageObject\",\"inLanguage\":\"en-US\",\"@id\":\"https:\/\/koessler-hof.com\/en\/boutique-hotel-arlberg\/location\/#primaryimage\",\"url\":\"https:\/\/koessler-hof.com\/wp-content\/uploads\/2026\/04\/OJ6A1443fin.jpg\",\"contentUrl\":\"https:\/\/koessler-hof.com\/wp-content\/uploads\/2026\/04\/OJ6A1443fin.jpg\",\"width\":481,\"height\":321,\"caption\":\"Wooden chairs on a balcony at a hotel on the slopes of St Anton, trees in the background.\"},{\"@type\":\"BreadcrumbList\",\"@id\":\"https:\/\/koessler-hof.com\/en\/boutique-hotel-arlberg\/location\/#breadcrumb\",\"itemListElement\":[{\"@type\":\"ListItem\",\"position\":1,\"name\":\"Startseite\",\"item\":\"https:\/\/koessler-hof.com\/en\/\"},{\"@type\":\"ListItem\",\"position\":2,\"name\":\"Region Arlberg\",\"item\":\"https:\/\/koessler-hof.com\/en\/st-anton-am-arlberg-hotel-an-der-piste\/\"},{\"@type\":\"ListItem\",\"position\":3,\"name\":\"Location\"}]},{\"@type\":\"WebSite\",\"@id\":\"https:\/\/koessler-hof.com\/en\/#website\",\"url\":\"https:\/\/koessler-hof.com\/en\/\",\"name\":\"Der K\u00f6sslerhof\",\"description\":\"Urlaub am Arlberg\",\"publisher\":{\"@id\":\"https:\/\/koessler-hof.com\/en\/#organization\"},\"potentialAction\":[{\"@type\":\"SearchAction\",\"target\":{\"@type\":\"EntryPoint\",\"urlTemplate\":\"https:\/\/koessler-hof.com\/en\/?s={search_term_string}\"},\"query-input\":{\"@type\":\"PropertyValueSpecification\",\"valueRequired\":true,\"valueName\":\"search_term_string\"}}],\"inLanguage\":\"en-US\"},{\"@type\":\"Organization\",\"@id\":\"https:\/\/koessler-hof.com\/en\/#organization\",\"name\":\"Der K\u00f6sslerhof\",\"url\":\"https:\/\/koessler-hof.com\/en\/\",\"logo\":{\"@type\":\"ImageObject\",\"inLanguage\":\"en-US\",\"@id\":\"https:\/\/koessler-hof.com\/en\/#\/schema\/logo\/image\/\",\"url\":\"https:\/\/koessler-hof.com\/wp-content\/uploads\/2022\/05\/Logo-Koesslerhof-olivegru\u0308n-RGB.png\",\"contentUrl\":\"https:\/\/koessler-hof.com\/wp-content\/uploads\/2022\/05\/Logo-Koesslerhof-olivegru\u0308n-RGB.png\",\"width\":1000,\"height\":1000,\"caption\":\"Der K\u00f6sslerhof\"},\"image\":{\"@id\":\"https:\/\/koessler-hof.com\/en\/#\/schema\/logo\/image\/\"}}]}<\/script>\n<!-- \/ Yoast SEO plugin. -->","yoast_head_json":{"title":"Hotel on the ski slope | St. Anton | Location & Arrival","description":"The Hotel K\u00f6sslerhof is located in St. Anton directly at the ski slope. \u26f7\ufe0f It is located next to a forest and is the starting point for many hikes! \ud83d\udc9a","robots":{"index":"index","follow":"follow","max-snippet":"max-snippet:-1","max-image-preview":"max-image-preview:large","max-video-preview":"max-video-preview:-1"},"canonical":"https:\/\/koessler-hof.com\/en\/boutique-hotel-arlberg\/location\/","og_locale":"en_US","og_type":"article","og_title":"Hotel on the ski slope | St. Anton | Location & Arrival","og_description":"The Hotel K\u00f6sslerhof is located in St. Anton directly at the ski slope. \u26f7\ufe0f It is located next to a forest and is the starting point for many hikes! \ud83d\udc9a","og_url":"https:\/\/koessler-hof.com\/en\/boutique-hotel-arlberg\/location\/","og_site_name":"Der K\u00f6sslerhof","article_modified_time":"2026-04-22T12:27:08+00:00","og_image":[{"width":481,"height":321,"url":"https:\/\/koessler-hof.com\/wp-content\/uploads\/2026\/04\/OJ6A1443fin.jpg","type":"image\/jpeg"}],"twitter_card":"summary_large_image","schema":{"@context":"https:\/\/schema.org","@graph":[{"@type":"WebPage","@id":"https:\/\/koessler-hof.com\/en\/boutique-hotel-arlberg\/location\/","url":"https:\/\/koessler-hof.com\/en\/boutique-hotel-arlberg\/location\/","name":"Hotel on the ski slope | St. Anton | Location & Arrival","isPartOf":{"@id":"https:\/\/koessler-hof.com\/en\/#website"},"primaryImageOfPage":{"@id":"https:\/\/koessler-hof.com\/en\/boutique-hotel-arlberg\/location\/#primaryimage"},"image":{"@id":"https:\/\/koessler-hof.com\/en\/boutique-hotel-arlberg\/location\/#primaryimage"},"thumbnailUrl":"https:\/\/koessler-hof.com\/wp-content\/uploads\/2026\/04\/OJ6A1443fin.jpg","datePublished":"2023-03-14T10:32:27+00:00","dateModified":"2026-04-22T12:27:08+00:00","description":"The Hotel K\u00f6sslerhof is located in St. Anton directly at the ski slope. \u26f7\ufe0f It is located next to a forest and is the starting point for many hikes! \ud83d\udc9a","breadcrumb":{"@id":"https:\/\/koessler-hof.com\/en\/boutique-hotel-arlberg\/location\/#breadcrumb"},"inLanguage":"en-US","potentialAction":[{"@type":"ReadAction","target":["https:\/\/koessler-hof.com\/en\/boutique-hotel-arlberg\/location\/"]}]},{"@type":"ImageObject","inLanguage":"en-US","@id":"https:\/\/koessler-hof.com\/en\/boutique-hotel-arlberg\/location\/#primaryimage","url":"https:\/\/koessler-hof.com\/wp-content\/uploads\/2026\/04\/OJ6A1443fin.jpg","contentUrl":"https:\/\/koessler-hof.com\/wp-content\/uploads\/2026\/04\/OJ6A1443fin.jpg","width":481,"height":321,"caption":"Wooden chairs on a balcony at a hotel on the slopes of St Anton, trees in the background."},{"@type":"BreadcrumbList","@id":"https:\/\/koessler-hof.com\/en\/boutique-hotel-arlberg\/location\/#breadcrumb","itemListElement":[{"@type":"ListItem","position":1,"name":"Startseite","item":"https:\/\/koessler-hof.com\/en\/"},{"@type":"ListItem","position":2,"name":"Region Arlberg","item":"https:\/\/koessler-hof.com\/en\/st-anton-am-arlberg-hotel-an-der-piste\/"},{"@type":"ListItem","position":3,"name":"Location"}]},{"@type":"WebSite","@id":"https:\/\/koessler-hof.com\/en\/#website","url":"https:\/\/koessler-hof.com\/en\/","name":"Der K\u00f6sslerhof","description":"Urlaub am Arlberg","publisher":{"@id":"https:\/\/koessler-hof.com\/en\/#organization"},"potentialAction":[{"@type":"SearchAction","target":{"@type":"EntryPoint","urlTemplate":"https:\/\/koessler-hof.com\/en\/?s={search_term_string}"},"query-input":{"@type":"PropertyValueSpecification","valueRequired":true,"valueName":"search_term_string"}}],"inLanguage":"en-US"},{"@type":"Organization","@id":"https:\/\/koessler-hof.com\/en\/#organization","name":"Der K\u00f6sslerhof","url":"https:\/\/koessler-hof.com\/en\/","logo":{"@type":"ImageObject","inLanguage":"en-US","@id":"https:\/\/koessler-hof.com\/en\/#\/schema\/logo\/image\/","url":"https:\/\/koessler-hof.com\/wp-content\/uploads\/2022\/05\/Logo-Koesslerhof-olivegru\u0308n-RGB.png","contentUrl":"https:\/\/koessler-hof.com\/wp-content\/uploads\/2022\/05\/Logo-Koesslerhof-olivegru\u0308n-RGB.png","width":1000,"height":1000,"caption":"Der K\u00f6sslerhof"},"image":{"@id":"https:\/\/koessler-hof.com\/en\/#\/schema\/logo\/image\/"}}]}},"_links":{"self":[{"href":"https:\/\/koessler-hof.com\/en\/wp-json\/wp\/v2\/pages\/13021","targetHints":{"allow":["GET"]}}],"collection":[{"href":"https:\/\/koessler-hof.com\/en\/wp-json\/wp\/v2\/pages"}],"about":[{"href":"https:\/\/koessler-hof.com\/en\/wp-json\/wp\/v2\/types\/page"}],"author":[{"embeddable":true,"href":"https:\/\/koessler-hof.com\/en\/wp-json\/wp\/v2\/users\/2"}],"replies":[{"embeddable":true,"href":"https:\/\/koessler-hof.com\/en\/wp-json\/wp\/v2\/comments?post=13021"}],"version-history":[{"count":18,"href":"https:\/\/koessler-hof.com\/en\/wp-json\/wp\/v2\/pages\/13021\/revisions"}],"predecessor-version":[{"id":41571,"href":"https:\/\/koessler-hof.com\/en\/wp-json\/wp\/v2\/pages\/13021\/revisions\/41571"}],"up":[{"embeddable":true,"href":"https:\/\/koessler-hof.com\/en\/wp-json\/wp\/v2\/pages\/14000"}],"wp:featuredmedia":[{"embeddable":true,"href":"https:\/\/koessler-hof.com\/en\/wp-json\/wp\/v2\/media\/41560"}],"wp:attachment":[{"href":"https:\/\/koessler-hof.com\/en\/wp-json\/wp\/v2\/media?parent=13021"}],"curies":[{"name":"wp","href":"https:\/\/api.w.org\/{rel}","templated":true}]}}