{"id":5129,"date":"2022-05-12T06:59:32","date_gmt":"2022-05-12T06:59:32","guid":{"rendered":"https:\/\/koessler-hof.com\/imprint\/"},"modified":"2025-03-25T05:58:14","modified_gmt":"2025-03-25T05:58:14","slug":"imprint","status":"publish","type":"page","link":"https:\/\/koessler-hof.com\/en\/imprint\/","title":{"rendered":"Imprint"},"content":{"rendered":"\t\t<div data-elementor-type=\"wp-page\" data-elementor-id=\"5129\" class=\"elementor elementor-5129 elementor-35\" data-elementor-post-type=\"page\">\n\t\t\t\t<div class=\"elementor-element elementor-element-7266733 e-flex e-con-boxed e-con e-parent\" data-id=\"7266733\" data-element_type=\"container\">\n\t\t\t\t\t<div class=\"e-con-inner\">\n\t\t\t\t<div class=\"elementor-element elementor-element-c375d8a animated-slow elementor-invisible elementor-widget elementor-widget-heading\" data-id=\"c375d8a\" data-element_type=\"widget\" data-settings=\"{&quot;_animation&quot;:&quot;fadeInDown&quot;}\" data-widget_type=\"heading.default\">\n\t\t\t\t<div class=\"elementor-widget-container\">\n\t\t\t\t\t<h2 class=\"elementor-heading-title elementor-size-default\">Imprint<\/h2>\t\t\t\t<\/div>\n\t\t\t\t<\/div>\n\t\t\t\t<div class=\"elementor-element elementor-element-6b73fe9 animated-slow elementor-invisible elementor-widget elementor-widget-heading\" data-id=\"6b73fe9\" data-element_type=\"widget\" data-settings=\"{&quot;_animation&quot;:&quot;fadeInUp&quot;}\" data-widget_type=\"heading.default\">\n\t\t\t\t<div class=\"elementor-widget-container\">\n\t\t\t\t\t<h2 class=\"elementor-heading-title elementor-size-default\">&amp; Disclosure<\/h2>\t\t\t\t<\/div>\n\t\t\t\t<\/div>\n\t\t\t\t<div class=\"elementor-element elementor-element-bee3d22 elementor-widget-divider--view-line elementor-widget elementor-widget-divider\" data-id=\"bee3d22\" data-element_type=\"widget\" data-widget_type=\"divider.default\">\n\t\t\t\t<div class=\"elementor-widget-container\">\n\t\t\t\t\t\t\t<div class=\"elementor-divider\">\n\t\t\t<span class=\"elementor-divider-separator\">\n\t\t\t\t\t\t<\/span>\n\t\t<\/div>\n\t\t\t\t\t\t<\/div>\n\t\t\t\t<\/div>\n\t\t\t\t<div class=\"elementor-element elementor-element-86ec0ea link-farbe-2 elementor-widget elementor-widget-text-editor\" data-id=\"86ec0ea\" data-element_type=\"widget\" data-widget_type=\"text-editor.default\">\n\t\t\t\t<div class=\"elementor-widget-container\">\n\t\t\t\t\t\t\t\t\t<p><strong>Owner &amp; operator of the website<\/strong><\/p>\n<p>Hotel K\u00f6sslerhof****<br \/>\nFamily K\u00f6ssler<br \/>\nMooserweg 1<br \/>\n6580 St. Anton am Arlberg, Tyrol<\/p>\n<p>+43 5446 2918<br \/>\ninfo@koessler-hof.com<\/p>\n<p>Full company name: K\u00f6sslerhof Gmbh<br \/>\nExecutive bodies: Herbert K\u00f6ssler<br \/>\nLegal form: GMBH<br \/>\nPlace of business license: Mooserweg 1, St. Anton am Arlberg 6580<br \/>\nCompany register number (if available): 434206p<br \/>\nUID: ATU\u00a069631838<br \/>\nCourt of jurisdiction: District court Landeck<br \/>\nChamber affiliation: Tyrol Chamber of Commerce<br \/>\nRegulatory authority: District authority Landeck<br \/>\nRaiffeisenbank Arlberg Silvretta eGen<br \/>\nBLZ: 36248 \/ Kontonummer:\u00a02000-890293<br \/>\nAT38 36248 02001 100866<br \/>\nBIC: RZTIAT22248<\/p>\n<p><strong><span class=\"s4\">Design,\u00a0<\/span><span class=\"s4\">p<\/span><span class=\"s4\">rogrammi<\/span><span class=\"s4\">n<\/span><span class=\"s4\">g &amp;\u00a0<\/span><span class=\"s4\">h<\/span><span class=\"s4\">osting:<\/span><\/strong><\/p>\n<p class=\"s3\">Huber Web Media GmbH<\/p>\n<p class=\"s3\">Mils Au 70<br \/>\n6493 Mils bei Imst<br \/>\nTyrol \u2013 Austria<\/p>\n<p class=\"s3\">Tel.:\u00a00043 650 4488663<br \/>\nMail:\u00a0<a href=\"mailto:info@huberwebmedia.at\"><span class=\"s5\">info@huberwebmedia.at<\/span><\/a><span class=\"s5\"><br \/>\n<\/span>Web:\u00a0<a href=\"http:\/\/www.huberwebmedia.at\/\"><span class=\"s5\">www.huberwebmedia.at<\/span><\/a><br \/>\nUID: ATU\u00a077423049<\/p>\n<p class=\"s3\"><span class=\"s4\"><strong>Liability:<\/strong><\/span><\/p>\n<p class=\"s3\">All contents have been examined carefully, however no guarantee can be made regarding accuracy, completeness, and topicality. Liabilities caused by the use or misuse of the information offered, or by the use of incorrect and incomplete information, are strictly excluded.<\/p>\n<p class=\"s3\"><strong><span class=\"s4\">Liability for links:<\/span><\/strong><\/p>\n<p class=\"s3\">Our website contains links to external, third-party websites for which our organisation is not responsible. We have no influence on the content of these websites, but the operating companies of these sites are exclusively responsible. No unlawful contents were in evidence at the time the links were created.<\/p>\n<p class=\"s3\"><strong><span class=\"s4\">Image rights<\/span><span class=\"s4\">:<\/span><\/strong><\/p>\n<p class=\"s3\">The images which appear on this website are protected by copyright and are non-binding. \u00a9 Huber Web Media \u2013 all rights reserved.<\/p>\n<p class=\"s3\"><strong><span class=\"s4\">Copyright<\/span><span class=\"s4\">:<\/span><\/strong><\/p>\n<p class=\"s3\">All texts, graphics and images are protected by copyright and may not be used unless prior permission has been obtained from the owner.<\/p>\n<p class=\"s3\"><strong><span class=\"s4\">Purpose of the website:<\/span><\/strong><\/p>\n<p class=\"s3\">This website serves to inform the user about goods and services of our organisation.<\/p>\n\t\t\t\t\t\t\t\t<\/div>\n\t\t\t\t<\/div>\n\t\t\t\t\t<\/div>\n\t\t\t\t<\/div>\n\t\t\t\t<\/div>\n\t\t","protected":false},"excerpt":{"rendered":"<p>Imprint &#038; Disclosure Owner &amp; operator of the website Hotel K\u00f6sslerhof**** Family K\u00f6ssler Mooserweg 1 6580 St. Anton am Arlberg, Tyrol +43 5446 2918 info@koessler-hof.com Full company name: K\u00f6sslerhof Gmbh Executive bodies: Herbert K\u00f6ssler Legal form: GMBH Place of business license: Mooserweg 1, St. Anton am Arlberg 6580 Company register number (if available): 434206p UID: [&hellip;]<\/p>\n","protected":false},"author":2,"featured_media":0,"parent":0,"menu_order":13,"comment_status":"closed","ping_status":"closed","template":"","meta":{"_acf_changed":false,"footnotes":""},"class_list":["post-5129","page","type-page","status-publish","hentry"],"acf":[],"yoast_head":"<!-- This site is optimized with the Yoast SEO plugin v26.4 - https:\/\/yoast.com\/wordpress\/plugins\/seo\/ -->\n<title>Imprint - Der K\u00f6sslerhof<\/title>\n<meta name=\"robots\" content=\"index, follow, max-snippet:-1, max-image-preview:large, max-video-preview:-1\" \/>\n<link rel=\"canonical\" href=\"https:\/\/koessler-hof.com\/en\/imprint\/\" \/>\n<meta property=\"og:locale\" content=\"en_US\" \/>\n<meta property=\"og:type\" content=\"article\" \/>\n<meta property=\"og:title\" content=\"Imprint - Der K\u00f6sslerhof\" \/>\n<meta property=\"og:description\" content=\"Imprint &#038; Disclosure Owner &amp; operator of the website Hotel K\u00f6sslerhof**** Family K\u00f6ssler Mooserweg 1 6580 St. Anton am Arlberg, Tyrol +43 5446 2918 info@koessler-hof.com Full company name: K\u00f6sslerhof Gmbh Executive bodies: Herbert K\u00f6ssler Legal form: GMBH Place of business license: Mooserweg 1, St. Anton am Arlberg 6580 Company register number (if available): 434206p UID: [&hellip;]\" \/>\n<meta property=\"og:url\" content=\"https:\/\/koessler-hof.com\/en\/imprint\/\" \/>\n<meta property=\"og:site_name\" content=\"Der K\u00f6sslerhof\" \/>\n<meta property=\"article:modified_time\" content=\"2025-03-25T05:58:14+00:00\" \/>\n<meta name=\"twitter:card\" content=\"summary_large_image\" \/>\n<meta name=\"twitter:label1\" content=\"Est. reading time\" \/>\n\t<meta name=\"twitter:data1\" content=\"1 minute\" \/>\n<script type=\"application\/ld+json\" class=\"yoast-schema-graph\">{\"@context\":\"https:\/\/schema.org\",\"@graph\":[{\"@type\":\"WebPage\",\"@id\":\"https:\/\/koessler-hof.com\/en\/imprint\/\",\"url\":\"https:\/\/koessler-hof.com\/en\/imprint\/\",\"name\":\"Imprint - Der K\u00f6sslerhof\",\"isPartOf\":{\"@id\":\"https:\/\/koessler-hof.com\/en\/#website\"},\"datePublished\":\"2022-05-12T06:59:32+00:00\",\"dateModified\":\"2025-03-25T05:58:14+00:00\",\"breadcrumb\":{\"@id\":\"https:\/\/koessler-hof.com\/en\/imprint\/#breadcrumb\"},\"inLanguage\":\"en-US\",\"potentialAction\":[{\"@type\":\"ReadAction\",\"target\":[\"https:\/\/koessler-hof.com\/en\/imprint\/\"]}]},{\"@type\":\"BreadcrumbList\",\"@id\":\"https:\/\/koessler-hof.com\/en\/imprint\/#breadcrumb\",\"itemListElement\":[{\"@type\":\"ListItem\",\"position\":1,\"name\":\"Startseite\",\"item\":\"https:\/\/koessler-hof.com\/en\/\"},{\"@type\":\"ListItem\",\"position\":2,\"name\":\"Imprint\"}]},{\"@type\":\"WebSite\",\"@id\":\"https:\/\/koessler-hof.com\/en\/#website\",\"url\":\"https:\/\/koessler-hof.com\/en\/\",\"name\":\"Der K\u00f6sslerhof\",\"description\":\"Urlaub am Arlberg\",\"publisher\":{\"@id\":\"https:\/\/koessler-hof.com\/en\/#organization\"},\"potentialAction\":[{\"@type\":\"SearchAction\",\"target\":{\"@type\":\"EntryPoint\",\"urlTemplate\":\"https:\/\/koessler-hof.com\/en\/?s={search_term_string}\"},\"query-input\":{\"@type\":\"PropertyValueSpecification\",\"valueRequired\":true,\"valueName\":\"search_term_string\"}}],\"inLanguage\":\"en-US\"},{\"@type\":\"Organization\",\"@id\":\"https:\/\/koessler-hof.com\/en\/#organization\",\"name\":\"Der K\u00f6sslerhof\",\"url\":\"https:\/\/koessler-hof.com\/en\/\",\"logo\":{\"@type\":\"ImageObject\",\"inLanguage\":\"en-US\",\"@id\":\"https:\/\/koessler-hof.com\/en\/#\/schema\/logo\/image\/\",\"url\":\"https:\/\/koessler-hof.com\/wp-content\/uploads\/2022\/05\/Logo-Koesslerhof-olivegru\u0308n-RGB.png\",\"contentUrl\":\"https:\/\/koessler-hof.com\/wp-content\/uploads\/2022\/05\/Logo-Koesslerhof-olivegru\u0308n-RGB.png\",\"width\":1000,\"height\":1000,\"caption\":\"Der K\u00f6sslerhof\"},\"image\":{\"@id\":\"https:\/\/koessler-hof.com\/en\/#\/schema\/logo\/image\/\"}}]}<\/script>\n<!-- \/ Yoast SEO plugin. -->","yoast_head_json":{"title":"Imprint - Der K\u00f6sslerhof","robots":{"index":"index","follow":"follow","max-snippet":"max-snippet:-1","max-image-preview":"max-image-preview:large","max-video-preview":"max-video-preview:-1"},"canonical":"https:\/\/koessler-hof.com\/en\/imprint\/","og_locale":"en_US","og_type":"article","og_title":"Imprint - Der K\u00f6sslerhof","og_description":"Imprint &#038; Disclosure Owner &amp; operator of the website Hotel K\u00f6sslerhof**** Family K\u00f6ssler Mooserweg 1 6580 St. Anton am Arlberg, Tyrol +43 5446 2918 info@koessler-hof.com Full company name: K\u00f6sslerhof Gmbh Executive bodies: Herbert K\u00f6ssler Legal form: GMBH Place of business license: Mooserweg 1, St. Anton am Arlberg 6580 Company register number (if available): 434206p UID: [&hellip;]","og_url":"https:\/\/koessler-hof.com\/en\/imprint\/","og_site_name":"Der K\u00f6sslerhof","article_modified_time":"2025-03-25T05:58:14+00:00","twitter_card":"summary_large_image","twitter_misc":{"Est. reading time":"1 minute"},"schema":{"@context":"https:\/\/schema.org","@graph":[{"@type":"WebPage","@id":"https:\/\/koessler-hof.com\/en\/imprint\/","url":"https:\/\/koessler-hof.com\/en\/imprint\/","name":"Imprint - Der K\u00f6sslerhof","isPartOf":{"@id":"https:\/\/koessler-hof.com\/en\/#website"},"datePublished":"2022-05-12T06:59:32+00:00","dateModified":"2025-03-25T05:58:14+00:00","breadcrumb":{"@id":"https:\/\/koessler-hof.com\/en\/imprint\/#breadcrumb"},"inLanguage":"en-US","potentialAction":[{"@type":"ReadAction","target":["https:\/\/koessler-hof.com\/en\/imprint\/"]}]},{"@type":"BreadcrumbList","@id":"https:\/\/koessler-hof.com\/en\/imprint\/#breadcrumb","itemListElement":[{"@type":"ListItem","position":1,"name":"Startseite","item":"https:\/\/koessler-hof.com\/en\/"},{"@type":"ListItem","position":2,"name":"Imprint"}]},{"@type":"WebSite","@id":"https:\/\/koessler-hof.com\/en\/#website","url":"https:\/\/koessler-hof.com\/en\/","name":"Der K\u00f6sslerhof","description":"Urlaub am Arlberg","publisher":{"@id":"https:\/\/koessler-hof.com\/en\/#organization"},"potentialAction":[{"@type":"SearchAction","target":{"@type":"EntryPoint","urlTemplate":"https:\/\/koessler-hof.com\/en\/?s={search_term_string}"},"query-input":{"@type":"PropertyValueSpecification","valueRequired":true,"valueName":"search_term_string"}}],"inLanguage":"en-US"},{"@type":"Organization","@id":"https:\/\/koessler-hof.com\/en\/#organization","name":"Der K\u00f6sslerhof","url":"https:\/\/koessler-hof.com\/en\/","logo":{"@type":"ImageObject","inLanguage":"en-US","@id":"https:\/\/koessler-hof.com\/en\/#\/schema\/logo\/image\/","url":"https:\/\/koessler-hof.com\/wp-content\/uploads\/2022\/05\/Logo-Koesslerhof-olivegru\u0308n-RGB.png","contentUrl":"https:\/\/koessler-hof.com\/wp-content\/uploads\/2022\/05\/Logo-Koesslerhof-olivegru\u0308n-RGB.png","width":1000,"height":1000,"caption":"Der K\u00f6sslerhof"},"image":{"@id":"https:\/\/koessler-hof.com\/en\/#\/schema\/logo\/image\/"}}]}},"_links":{"self":[{"href":"https:\/\/koessler-hof.com\/en\/wp-json\/wp\/v2\/pages\/5129","targetHints":{"allow":["GET"]}}],"collection":[{"href":"https:\/\/koessler-hof.com\/en\/wp-json\/wp\/v2\/pages"}],"about":[{"href":"https:\/\/koessler-hof.com\/en\/wp-json\/wp\/v2\/types\/page"}],"author":[{"embeddable":true,"href":"https:\/\/koessler-hof.com\/en\/wp-json\/wp\/v2\/users\/2"}],"replies":[{"embeddable":true,"href":"https:\/\/koessler-hof.com\/en\/wp-json\/wp\/v2\/comments?post=5129"}],"version-history":[{"count":2,"href":"https:\/\/koessler-hof.com\/en\/wp-json\/wp\/v2\/pages\/5129\/revisions"}],"predecessor-version":[{"id":38659,"href":"https:\/\/koessler-hof.com\/en\/wp-json\/wp\/v2\/pages\/5129\/revisions\/38659"}],"wp:attachment":[{"href":"https:\/\/koessler-hof.com\/en\/wp-json\/wp\/v2\/media?parent=5129"}],"curies":[{"name":"wp","href":"https:\/\/api.w.org\/{rel}","templated":true}]}}